{"id":3066,"date":"2021-12-01T03:57:06","date_gmt":"2021-12-01T02:57:06","guid":{"rendered":"https:\/\/chateaudebesseuil.com\/restaurant\/"},"modified":"2026-03-31T13:22:10","modified_gmt":"2026-03-31T11:22:10","slug":"restaurant","status":"publish","type":"page","link":"https:\/\/chateaudebesseuil.com\/en\/restaurant\/","title":{"rendered":"Restaurant"},"content":{"rendered":"","protected":false},"excerpt":{"rendered":"","protected":false},"author":3,"featured_media":0,"parent":0,"menu_order":0,"comment_status":"closed","ping_status":"closed","template":"template_restaurant.php","meta":[],"acf":[],"yoast_head":"<!-- This site is optimized with the Yoast SEO plugin v20.3 - https:\/\/yoast.com\/wordpress\/plugins\/seo\/ -->\n<title>Gastronomic restaurant in Burgundy | Ch\u00e2teau de Besseuil<\/title>\n<meta name=\"description\" content=\"The Ch\u00e2teau de Besseuil offers refined cuisine in Cless\u00e9, a few minutes from M\u00e2con. Treat yourself to a gourmet break, inspired by local cuisine. Discover our menus online.\" \/>\n<meta name=\"robots\" content=\"index, follow, max-snippet:-1, max-image-preview:large, max-video-preview:-1\" \/>\n<link rel=\"canonical\" href=\"https:\/\/chateaudebesseuil.com\/en\/restaurant\/\" \/>\n<meta property=\"og:locale\" content=\"en_US\" \/>\n<meta property=\"og:type\" content=\"article\" \/>\n<meta property=\"og:title\" content=\"Gastronomic restaurant in Burgundy | Ch\u00e2teau de Besseuil\" \/>\n<meta property=\"og:description\" content=\"The Ch\u00e2teau de Besseuil offers refined cuisine in Cless\u00e9, a few minutes from M\u00e2con. Treat yourself to a gourmet break, inspired by local cuisine. Discover our menus online.\" \/>\n<meta property=\"og:url\" content=\"https:\/\/chateaudebesseuil.com\/en\/restaurant\/\" \/>\n<meta property=\"og:site_name\" content=\"Ch\u00e2teau de Besseuil\" \/>\n<meta property=\"article:modified_time\" content=\"2026-03-31T11:22:10+00:00\" \/>\n<meta name=\"twitter:card\" content=\"summary_large_image\" \/>\n<script type=\"application\/ld+json\" class=\"yoast-schema-graph\">{\"@context\":\"https:\/\/schema.org\",\"@graph\":[{\"@type\":\"WebPage\",\"@id\":\"https:\/\/chateaudebesseuil.com\/en\/restaurant\/\",\"url\":\"https:\/\/chateaudebesseuil.com\/en\/restaurant\/\",\"name\":\"Gastronomic restaurant in Burgundy | Ch\u00e2teau de Besseuil\",\"isPartOf\":{\"@id\":\"https:\/\/chateaudebesseuil.com\/en\/#website\"},\"datePublished\":\"2021-12-01T02:57:06+00:00\",\"dateModified\":\"2026-03-31T11:22:10+00:00\",\"description\":\"The Ch\u00e2teau de Besseuil offers refined cuisine in Cless\u00e9, a few minutes from M\u00e2con. Treat yourself to a gourmet break, inspired by local cuisine. Discover our menus online.\",\"breadcrumb\":{\"@id\":\"https:\/\/chateaudebesseuil.com\/en\/restaurant\/#breadcrumb\"},\"inLanguage\":\"en-US\",\"potentialAction\":[{\"@type\":\"ReadAction\",\"target\":[\"https:\/\/chateaudebesseuil.com\/en\/restaurant\/\"]}]},{\"@type\":\"BreadcrumbList\",\"@id\":\"https:\/\/chateaudebesseuil.com\/en\/restaurant\/#breadcrumb\",\"itemListElement\":[{\"@type\":\"ListItem\",\"position\":1,\"name\":\"Accueil\",\"item\":\"https:\/\/chateaudebesseuil.com\/en\/\"},{\"@type\":\"ListItem\",\"position\":2,\"name\":\"Restaurant\"}]},{\"@type\":\"WebSite\",\"@id\":\"https:\/\/chateaudebesseuil.com\/en\/#website\",\"url\":\"https:\/\/chateaudebesseuil.com\/en\/\",\"name\":\"Ch\u00e2teau de Besseuil\",\"description\":\"\",\"potentialAction\":[{\"@type\":\"SearchAction\",\"target\":{\"@type\":\"EntryPoint\",\"urlTemplate\":\"https:\/\/chateaudebesseuil.com\/en\/?s={search_term_string}\"},\"query-input\":\"required name=search_term_string\"}],\"inLanguage\":\"en-US\"}]}<\/script>\n<!-- \/ Yoast SEO plugin. -->","yoast_head_json":{"title":"Gastronomic restaurant in Burgundy | Ch\u00e2teau de Besseuil","description":"The Ch\u00e2teau de Besseuil offers refined cuisine in Cless\u00e9, a few minutes from M\u00e2con. Treat yourself to a gourmet break, inspired by local cuisine. Discover our menus online.","robots":{"index":"index","follow":"follow","max-snippet":"max-snippet:-1","max-image-preview":"max-image-preview:large","max-video-preview":"max-video-preview:-1"},"canonical":"https:\/\/chateaudebesseuil.com\/en\/restaurant\/","og_locale":"en_US","og_type":"article","og_title":"Gastronomic restaurant in Burgundy | Ch\u00e2teau de Besseuil","og_description":"The Ch\u00e2teau de Besseuil offers refined cuisine in Cless\u00e9, a few minutes from M\u00e2con. Treat yourself to a gourmet break, inspired by local cuisine. Discover our menus online.","og_url":"https:\/\/chateaudebesseuil.com\/en\/restaurant\/","og_site_name":"Ch\u00e2teau de Besseuil","article_modified_time":"2026-03-31T11:22:10+00:00","twitter_card":"summary_large_image","schema":{"@context":"https:\/\/schema.org","@graph":[{"@type":"WebPage","@id":"https:\/\/chateaudebesseuil.com\/en\/restaurant\/","url":"https:\/\/chateaudebesseuil.com\/en\/restaurant\/","name":"Gastronomic restaurant in Burgundy | Ch\u00e2teau de Besseuil","isPartOf":{"@id":"https:\/\/chateaudebesseuil.com\/en\/#website"},"datePublished":"2021-12-01T02:57:06+00:00","dateModified":"2026-03-31T11:22:10+00:00","description":"The Ch\u00e2teau de Besseuil offers refined cuisine in Cless\u00e9, a few minutes from M\u00e2con. Treat yourself to a gourmet break, inspired by local cuisine. Discover our menus online.","breadcrumb":{"@id":"https:\/\/chateaudebesseuil.com\/en\/restaurant\/#breadcrumb"},"inLanguage":"en-US","potentialAction":[{"@type":"ReadAction","target":["https:\/\/chateaudebesseuil.com\/en\/restaurant\/"]}]},{"@type":"BreadcrumbList","@id":"https:\/\/chateaudebesseuil.com\/en\/restaurant\/#breadcrumb","itemListElement":[{"@type":"ListItem","position":1,"name":"Accueil","item":"https:\/\/chateaudebesseuil.com\/en\/"},{"@type":"ListItem","position":2,"name":"Restaurant"}]},{"@type":"WebSite","@id":"https:\/\/chateaudebesseuil.com\/en\/#website","url":"https:\/\/chateaudebesseuil.com\/en\/","name":"Ch\u00e2teau de Besseuil","description":"","potentialAction":[{"@type":"SearchAction","target":{"@type":"EntryPoint","urlTemplate":"https:\/\/chateaudebesseuil.com\/en\/?s={search_term_string}"},"query-input":"required name=search_term_string"}],"inLanguage":"en-US"}]}},"_links":{"self":[{"href":"https:\/\/chateaudebesseuil.com\/en\/wp-json\/wp\/v2\/pages\/3066"}],"collection":[{"href":"https:\/\/chateaudebesseuil.com\/en\/wp-json\/wp\/v2\/pages"}],"about":[{"href":"https:\/\/chateaudebesseuil.com\/en\/wp-json\/wp\/v2\/types\/page"}],"author":[{"embeddable":true,"href":"https:\/\/chateaudebesseuil.com\/en\/wp-json\/wp\/v2\/users\/3"}],"replies":[{"embeddable":true,"href":"https:\/\/chateaudebesseuil.com\/en\/wp-json\/wp\/v2\/comments?post=3066"}],"version-history":[{"count":6,"href":"https:\/\/chateaudebesseuil.com\/en\/wp-json\/wp\/v2\/pages\/3066\/revisions"}],"predecessor-version":[{"id":7141,"href":"https:\/\/chateaudebesseuil.com\/en\/wp-json\/wp\/v2\/pages\/3066\/revisions\/7141"}],"wp:attachment":[{"href":"https:\/\/chateaudebesseuil.com\/en\/wp-json\/wp\/v2\/media?parent=3066"}],"curies":[{"name":"wp","href":"https:\/\/api.w.org\/{rel}","templated":true}]}}